{"id":130,"date":"2023-08-31T23:40:17","date_gmt":"2023-08-31T23:40:17","guid":{"rendered":"https:\/\/saludisis.com\/?page_id=130"},"modified":"2024-04-06T23:36:24","modified_gmt":"2024-04-07T05:36:24","slug":"sobre-nosotros","status":"publish","type":"page","link":"https:\/\/saludisis.com\/index.php\/sobre-nosotros\/","title":{"rendered":"Sobre nosotros"},"content":{"rendered":"\n<p>Hola, mi nombre es Leticia De La Paz Malag\u00f3n, fundadora y directora por m\u00e1s de 13 a\u00f1os en Saludisis Consulting Group S.C.<\/p>\n\n\n\n<p>Soy asesora corporativa en materia de recursos humanos, servicios corporativos, instructora, expositora, investigadora, acompa\u00f1ante en Consciencia Genosom\u00e1tica \u00ae y acompa\u00f1ante de vida por vocaci\u00f3n.<\/p>\n\n\n\n<p>Soy contador p\u00fablico titulado, carrera profesional que ejerc\u00ed por muchos a\u00f1os. Me desarroll\u00e9 en algunas de las principales firmas de contadores p\u00fablicos a nivel mundial. Tuve la oportunidad de ejercer en forma independiente, especializ\u00e1ndome en las \u00e1reas corporativa, financiera, contable, manejo de tesorer\u00eda, y fiscal.<\/p>\n\n\n\n<p>En la actualidad somos un equipo de colaboradores, profesionistas, acompa\u00f1antes y t\u00e9cnicos, entre otros, que estamos comprometidos y enfocados en generar una sinergia, para ofrecer la mejor calidad y entrega en nuestros diversos servicios que ofrecemos.<\/p>\n\n\n\n<figure class=\"wp-block-image size-large is-resized\"><img loading=\"lazy\" decoding=\"async\" width=\"1024\" height=\"682\" src=\"https:\/\/saludisis.com\/wp-content\/uploads\/2024\/03\/SobreNosotros-1024x682.jpg\" alt=\"\" class=\"wp-image-193\" style=\"width:563px;height:auto\" srcset=\"https:\/\/saludisis.com\/wp-content\/uploads\/2024\/03\/SobreNosotros-1024x682.jpg 1024w, https:\/\/saludisis.com\/wp-content\/uploads\/2024\/03\/SobreNosotros-300x200.jpg 300w, https:\/\/saludisis.com\/wp-content\/uploads\/2024\/03\/SobreNosotros-768x512.jpg 768w, https:\/\/saludisis.com\/wp-content\/uploads\/2024\/03\/SobreNosotros.jpg 1480w\" sizes=\"(max-width: 1024px) 100vw, 1024px\" \/><\/figure>\n","protected":false},"excerpt":{"rendered":"<p>Hola, mi nombre es Leticia De La Paz Malag\u00f3n, fundadora y directora por m\u00e1s de 13 a\u00f1os en Saludisis Consulting<\/p>\n","protected":false},"author":1,"featured_media":0,"parent":0,"menu_order":0,"comment_status":"closed","ping_status":"closed","template":"","meta":{"footnotes":""},"yoast_head":"<!-- This site is optimized with the Yoast SEO plugin v22.9 - https:\/\/yoast.com\/wordpress\/plugins\/seo\/ -->\r\n<title>Sobre nosotros<\/title>\r\n<meta name=\"description\" content=\"Hola, mi nombre es Leticia De La Paz Malag\u00f3n, fundadora y directora por m\u00e1s de 13 a\u00f1os en Saludisis Consulting Group S.C.\" \/>\r\n<meta name=\"robots\" content=\"index, follow, max-snippet:-1, max-image-preview:large, max-video-preview:-1\" \/>\r\n<link rel=\"canonical\" href=\"https:\/\/saludisis.com\/index.php\/sobre-nosotros\/\" \/>\r\n<meta property=\"og:locale\" content=\"es_MX\" \/>\r\n<meta property=\"og:type\" content=\"article\" \/>\r\n<meta property=\"og:title\" content=\"Sobre nosotros\" \/>\r\n<meta property=\"og:description\" content=\"Hola, mi nombre es Leticia De La Paz Malag\u00f3n, fundadora y directora por m\u00e1s de 13 a\u00f1os en Saludisis Consulting Group S.C.\" \/>\r\n<meta property=\"og:url\" content=\"https:\/\/saludisis.com\/index.php\/sobre-nosotros\/\" \/>\r\n<meta property=\"og:site_name\" content=\"Saludisis\" \/>\r\n<meta property=\"article:publisher\" content=\"https:\/\/www.facebook.com\/saludisis\" \/>\r\n<meta property=\"article:modified_time\" content=\"2024-04-07T05:36:24+00:00\" \/>\r\n<meta property=\"og:image\" content=\"https:\/\/saludisis.com\/wp-content\/uploads\/2024\/03\/SobreNosotros-1024x682.jpg\" \/>\r\n<meta name=\"twitter:card\" content=\"summary_large_image\" \/>\r\n<meta name=\"twitter:site\" content=\"@saludisis\" \/>\r\n<meta name=\"twitter:label1\" content=\"Tiempo de lectura\" \/>\n\t<meta name=\"twitter:data1\" content=\"1 minuto\" \/>\r\n<script type=\"application\/ld+json\" class=\"yoast-schema-graph\">{\"@context\":\"https:\/\/schema.org\",\"@graph\":[{\"@type\":\"WebPage\",\"@id\":\"https:\/\/saludisis.com\/index.php\/sobre-nosotros\/\",\"url\":\"https:\/\/saludisis.com\/index.php\/sobre-nosotros\/\",\"name\":\"Sobre nosotros\",\"isPartOf\":{\"@id\":\"https:\/\/saludisis.com\/#website\"},\"primaryImageOfPage\":{\"@id\":\"https:\/\/saludisis.com\/index.php\/sobre-nosotros\/#primaryimage\"},\"image\":{\"@id\":\"https:\/\/saludisis.com\/index.php\/sobre-nosotros\/#primaryimage\"},\"thumbnailUrl\":\"https:\/\/saludisis.com\/wp-content\/uploads\/2024\/03\/SobreNosotros-1024x682.jpg\",\"datePublished\":\"2023-08-31T23:40:17+00:00\",\"dateModified\":\"2024-04-07T05:36:24+00:00\",\"description\":\"Hola, mi nombre es Leticia De La Paz Malag\u00f3n, fundadora y directora por m\u00e1s de 13 a\u00f1os en Saludisis Consulting Group S.C.\",\"breadcrumb\":{\"@id\":\"https:\/\/saludisis.com\/index.php\/sobre-nosotros\/#breadcrumb\"},\"inLanguage\":\"es\",\"potentialAction\":[{\"@type\":\"ReadAction\",\"target\":[\"https:\/\/saludisis.com\/index.php\/sobre-nosotros\/\"]}]},{\"@type\":\"ImageObject\",\"inLanguage\":\"es\",\"@id\":\"https:\/\/saludisis.com\/index.php\/sobre-nosotros\/#primaryimage\",\"url\":\"https:\/\/saludisis.com\/wp-content\/uploads\/2024\/03\/SobreNosotros.jpg\",\"contentUrl\":\"https:\/\/saludisis.com\/wp-content\/uploads\/2024\/03\/SobreNosotros.jpg\",\"width\":1480,\"height\":986},{\"@type\":\"BreadcrumbList\",\"@id\":\"https:\/\/saludisis.com\/index.php\/sobre-nosotros\/#breadcrumb\",\"itemListElement\":[{\"@type\":\"ListItem\",\"position\":1,\"name\":\"Inicio\",\"item\":\"https:\/\/saludisis.com\/\"},{\"@type\":\"ListItem\",\"position\":2,\"name\":\"Sobre nosotros\"}]},{\"@type\":\"WebSite\",\"@id\":\"https:\/\/saludisis.com\/#website\",\"url\":\"https:\/\/saludisis.com\/\",\"name\":\"Saludisis\",\"description\":\"Consulting Group\",\"publisher\":{\"@id\":\"https:\/\/saludisis.com\/#organization\"},\"potentialAction\":[{\"@type\":\"SearchAction\",\"target\":{\"@type\":\"EntryPoint\",\"urlTemplate\":\"https:\/\/saludisis.com\/?s={search_term_string}\"},\"query-input\":\"required name=search_term_string\"}],\"inLanguage\":\"es\"},{\"@type\":\"Organization\",\"@id\":\"https:\/\/saludisis.com\/#organization\",\"name\":\"Saludisis\",\"url\":\"https:\/\/saludisis.com\/\",\"logo\":{\"@type\":\"ImageObject\",\"inLanguage\":\"es\",\"@id\":\"https:\/\/saludisis.com\/#\/schema\/logo\/image\/\",\"url\":\"https:\/\/saludisis.com\/wp-content\/uploads\/2023\/04\/SaludisisLogo-1.png\",\"contentUrl\":\"https:\/\/saludisis.com\/wp-content\/uploads\/2023\/04\/SaludisisLogo-1.png\",\"width\":550,\"height\":200,\"caption\":\"Saludisis\"},\"image\":{\"@id\":\"https:\/\/saludisis.com\/#\/schema\/logo\/image\/\"},\"sameAs\":[\"https:\/\/www.facebook.com\/saludisis\",\"https:\/\/x.com\/saludisis\",\"https:\/\/www.instagram.com\/saludisis\/\"]}]}<\/script>\r\n<!-- \/ Yoast SEO plugin. -->","yoast_head_json":{"title":"Sobre nosotros","description":"Hola, mi nombre es Leticia De La Paz Malag\u00f3n, fundadora y directora por m\u00e1s de 13 a\u00f1os en Saludisis Consulting Group S.C.","robots":{"index":"index","follow":"follow","max-snippet":"max-snippet:-1","max-image-preview":"max-image-preview:large","max-video-preview":"max-video-preview:-1"},"canonical":"https:\/\/saludisis.com\/index.php\/sobre-nosotros\/","og_locale":"es_MX","og_type":"article","og_title":"Sobre nosotros","og_description":"Hola, mi nombre es Leticia De La Paz Malag\u00f3n, fundadora y directora por m\u00e1s de 13 a\u00f1os en Saludisis Consulting Group S.C.","og_url":"https:\/\/saludisis.com\/index.php\/sobre-nosotros\/","og_site_name":"Saludisis","article_publisher":"https:\/\/www.facebook.com\/saludisis","article_modified_time":"2024-04-07T05:36:24+00:00","og_image":[{"url":"https:\/\/saludisis.com\/wp-content\/uploads\/2024\/03\/SobreNosotros-1024x682.jpg"}],"twitter_card":"summary_large_image","twitter_site":"@saludisis","twitter_misc":{"Tiempo de lectura":"1 minuto"},"schema":{"@context":"https:\/\/schema.org","@graph":[{"@type":"WebPage","@id":"https:\/\/saludisis.com\/index.php\/sobre-nosotros\/","url":"https:\/\/saludisis.com\/index.php\/sobre-nosotros\/","name":"Sobre nosotros","isPartOf":{"@id":"https:\/\/saludisis.com\/#website"},"primaryImageOfPage":{"@id":"https:\/\/saludisis.com\/index.php\/sobre-nosotros\/#primaryimage"},"image":{"@id":"https:\/\/saludisis.com\/index.php\/sobre-nosotros\/#primaryimage"},"thumbnailUrl":"https:\/\/saludisis.com\/wp-content\/uploads\/2024\/03\/SobreNosotros-1024x682.jpg","datePublished":"2023-08-31T23:40:17+00:00","dateModified":"2024-04-07T05:36:24+00:00","description":"Hola, mi nombre es Leticia De La Paz Malag\u00f3n, fundadora y directora por m\u00e1s de 13 a\u00f1os en Saludisis Consulting Group S.C.","breadcrumb":{"@id":"https:\/\/saludisis.com\/index.php\/sobre-nosotros\/#breadcrumb"},"inLanguage":"es","potentialAction":[{"@type":"ReadAction","target":["https:\/\/saludisis.com\/index.php\/sobre-nosotros\/"]}]},{"@type":"ImageObject","inLanguage":"es","@id":"https:\/\/saludisis.com\/index.php\/sobre-nosotros\/#primaryimage","url":"https:\/\/saludisis.com\/wp-content\/uploads\/2024\/03\/SobreNosotros.jpg","contentUrl":"https:\/\/saludisis.com\/wp-content\/uploads\/2024\/03\/SobreNosotros.jpg","width":1480,"height":986},{"@type":"BreadcrumbList","@id":"https:\/\/saludisis.com\/index.php\/sobre-nosotros\/#breadcrumb","itemListElement":[{"@type":"ListItem","position":1,"name":"Inicio","item":"https:\/\/saludisis.com\/"},{"@type":"ListItem","position":2,"name":"Sobre nosotros"}]},{"@type":"WebSite","@id":"https:\/\/saludisis.com\/#website","url":"https:\/\/saludisis.com\/","name":"Saludisis","description":"Consulting Group","publisher":{"@id":"https:\/\/saludisis.com\/#organization"},"potentialAction":[{"@type":"SearchAction","target":{"@type":"EntryPoint","urlTemplate":"https:\/\/saludisis.com\/?s={search_term_string}"},"query-input":"required name=search_term_string"}],"inLanguage":"es"},{"@type":"Organization","@id":"https:\/\/saludisis.com\/#organization","name":"Saludisis","url":"https:\/\/saludisis.com\/","logo":{"@type":"ImageObject","inLanguage":"es","@id":"https:\/\/saludisis.com\/#\/schema\/logo\/image\/","url":"https:\/\/saludisis.com\/wp-content\/uploads\/2023\/04\/SaludisisLogo-1.png","contentUrl":"https:\/\/saludisis.com\/wp-content\/uploads\/2023\/04\/SaludisisLogo-1.png","width":550,"height":200,"caption":"Saludisis"},"image":{"@id":"https:\/\/saludisis.com\/#\/schema\/logo\/image\/"},"sameAs":["https:\/\/www.facebook.com\/saludisis","https:\/\/x.com\/saludisis","https:\/\/www.instagram.com\/saludisis\/"]}]}},"jetpack_sharing_enabled":true,"_links":{"self":[{"href":"https:\/\/saludisis.com\/index.php\/wp-json\/wp\/v2\/pages\/130"}],"collection":[{"href":"https:\/\/saludisis.com\/index.php\/wp-json\/wp\/v2\/pages"}],"about":[{"href":"https:\/\/saludisis.com\/index.php\/wp-json\/wp\/v2\/types\/page"}],"author":[{"embeddable":true,"href":"https:\/\/saludisis.com\/index.php\/wp-json\/wp\/v2\/users\/1"}],"replies":[{"embeddable":true,"href":"https:\/\/saludisis.com\/index.php\/wp-json\/wp\/v2\/comments?post=130"}],"version-history":[{"count":7,"href":"https:\/\/saludisis.com\/index.php\/wp-json\/wp\/v2\/pages\/130\/revisions"}],"predecessor-version":[{"id":225,"href":"https:\/\/saludisis.com\/index.php\/wp-json\/wp\/v2\/pages\/130\/revisions\/225"}],"wp:attachment":[{"href":"https:\/\/saludisis.com\/index.php\/wp-json\/wp\/v2\/media?parent=130"}],"curies":[{"name":"wp","href":"https:\/\/api.w.org\/{rel}","templated":true}]}}