{"id":132,"date":"2023-08-31T23:41:18","date_gmt":"2023-08-31T23:41:18","guid":{"rendered":"https:\/\/saludisis.com\/?page_id=132"},"modified":"2024-04-06T23:30:49","modified_gmt":"2024-04-07T05:30:49","slug":"que-hacemos","status":"publish","type":"page","link":"https:\/\/saludisis.com\/index.php\/que-hacemos\/","title":{"rendered":"\u00bfQu\u00e9 hacemos en Saludisis?"},"content":{"rendered":"\n<p>En Saludisis, ofrecemos, acompa\u00f1amientos individuales a las personas que transitan por alguna situaci\u00f3n de conflicto.<\/p>\n\n\n\n<p>Brindando herramientas para abordar con profundidad los procesos de acompa\u00f1amiento. En un espacio que nos regala la oportunidad de reencontrar la comunicaci\u00f3n entre nuestra biolog\u00eda y nuestra consciencia. La biolog\u00eda es la l\u00f3gica de la vida.<\/p>\n\n\n\n<figure class=\"wp-block-image size-large is-resized\"><img loading=\"lazy\" decoding=\"async\" width=\"1024\" height=\"682\" src=\"https:\/\/saludisis.com\/wp-content\/uploads\/2024\/03\/QueHacemos-1024x682.jpg\" alt=\"\" class=\"wp-image-194\" style=\"width:509px;height:auto\" srcset=\"https:\/\/saludisis.com\/wp-content\/uploads\/2024\/03\/QueHacemos-1024x682.jpg 1024w, https:\/\/saludisis.com\/wp-content\/uploads\/2024\/03\/QueHacemos-300x200.jpg 300w, https:\/\/saludisis.com\/wp-content\/uploads\/2024\/03\/QueHacemos-768x512.jpg 768w, https:\/\/saludisis.com\/wp-content\/uploads\/2024\/03\/QueHacemos.jpg 1480w\" sizes=\"(max-width: 1024px) 100vw, 1024px\" \/><\/figure>\n\n\n\n<p><br>En los a\u00f1os ochenta, el m\u00e9dico alem\u00e1n el doctor Ryke Geerd Hamer, descubri\u00f3, examinando esc\u00e1neres cerebrales, que una alteraci\u00f3n de una zona espec\u00edfica del cerebro acompa\u00f1a siempre la alteraci\u00f3n de un \u00f3rgano y que el paciente vive siempre con un conflicto particular durante su enfermedad. En la actualidad otros investigadores confirman y enriquecen los descubrimientos de este gran m\u00e9dico.<\/p>\n\n\n\n<h4 class=\"wp-block-heading\">\u00bfCu\u00e1l es nuestro proceso?<\/h4>\n\n\n\n<p>Durante el desarrollo de nuestro acompa\u00f1amiento la psicogenealogia juega un papel muy importante. Por la relevancia que toman todos los factores transgeneracionales que impactan a toda la din\u00e1mica familiar. Partiendo de la base que la familia es un sistema viviente muy complejo. En esta \u00e1rea nos apoyamos con los conceptos de la teor\u00eda sist\u00e9mica y los descubrimientos de Anne Ancelin Sch\u00fctenberger, entre otros.<\/p>\n\n\n\n<p><br>Nuestra propuesta en Saludisis est\u00e1 enfocada en la hip\u00f3tesis que nuestro cuerpo tiene m\u00faltiples mecanismos para adaptarse a situaciones estresantes, y que, de manera natural, busca regresar a un estado de equilibrio din\u00e1mico de bienestar.<\/p>\n","protected":false},"excerpt":{"rendered":"<p>En Saludisis, ofrecemos, acompa\u00f1amientos individuales a las personas que transitan por alguna situaci\u00f3n de conflicto. Brindando herramientas para abordar con<\/p>\n","protected":false},"author":1,"featured_media":0,"parent":0,"menu_order":0,"comment_status":"closed","ping_status":"closed","template":"","meta":{"footnotes":""},"yoast_head":"<!-- This site is optimized with the Yoast SEO plugin v22.9 - https:\/\/yoast.com\/wordpress\/plugins\/seo\/ -->\r\n<title>\u00bfQu\u00e9 hacemos en Saludisis?<\/title>\r\n<meta name=\"description\" content=\"En Saludisis, ofrecemos, acompa\u00f1amientos individuales a las personas que transitan por alguna situaci\u00f3n de conflicto.\" \/>\r\n<meta name=\"robots\" content=\"index, follow, max-snippet:-1, max-image-preview:large, max-video-preview:-1\" \/>\r\n<link rel=\"canonical\" href=\"https:\/\/saludisis.com\/index.php\/que-hacemos\/\" \/>\r\n<meta property=\"og:locale\" content=\"es_MX\" \/>\r\n<meta property=\"og:type\" content=\"article\" \/>\r\n<meta property=\"og:title\" content=\"\u00bfQu\u00e9 hacemos en Saludisis?\" \/>\r\n<meta property=\"og:description\" content=\"En Saludisis, ofrecemos, acompa\u00f1amientos individuales a las personas que transitan por alguna situaci\u00f3n de conflicto.\" \/>\r\n<meta property=\"og:url\" content=\"https:\/\/saludisis.com\/index.php\/que-hacemos\/\" \/>\r\n<meta property=\"og:site_name\" content=\"Saludisis\" \/>\r\n<meta property=\"article:publisher\" content=\"https:\/\/www.facebook.com\/saludisis\" \/>\r\n<meta property=\"article:modified_time\" content=\"2024-04-07T05:30:49+00:00\" \/>\r\n<meta property=\"og:image\" content=\"https:\/\/saludisis.com\/wp-content\/uploads\/2024\/03\/QueHacemos-1024x682.jpg\" \/>\r\n<meta name=\"twitter:card\" content=\"summary_large_image\" \/>\r\n<meta name=\"twitter:site\" content=\"@saludisis\" \/>\r\n<meta name=\"twitter:label1\" content=\"Tiempo de lectura\" \/>\n\t<meta name=\"twitter:data1\" content=\"2 minutos\" \/>\r\n<script type=\"application\/ld+json\" class=\"yoast-schema-graph\">{\"@context\":\"https:\/\/schema.org\",\"@graph\":[{\"@type\":\"WebPage\",\"@id\":\"https:\/\/saludisis.com\/index.php\/que-hacemos\/\",\"url\":\"https:\/\/saludisis.com\/index.php\/que-hacemos\/\",\"name\":\"\u00bfQu\u00e9 hacemos en Saludisis?\",\"isPartOf\":{\"@id\":\"https:\/\/saludisis.com\/#website\"},\"primaryImageOfPage\":{\"@id\":\"https:\/\/saludisis.com\/index.php\/que-hacemos\/#primaryimage\"},\"image\":{\"@id\":\"https:\/\/saludisis.com\/index.php\/que-hacemos\/#primaryimage\"},\"thumbnailUrl\":\"https:\/\/saludisis.com\/wp-content\/uploads\/2024\/03\/QueHacemos-1024x682.jpg\",\"datePublished\":\"2023-08-31T23:41:18+00:00\",\"dateModified\":\"2024-04-07T05:30:49+00:00\",\"description\":\"En Saludisis, ofrecemos, acompa\u00f1amientos individuales a las personas que transitan por alguna situaci\u00f3n de conflicto.\",\"breadcrumb\":{\"@id\":\"https:\/\/saludisis.com\/index.php\/que-hacemos\/#breadcrumb\"},\"inLanguage\":\"es\",\"potentialAction\":[{\"@type\":\"ReadAction\",\"target\":[\"https:\/\/saludisis.com\/index.php\/que-hacemos\/\"]}]},{\"@type\":\"ImageObject\",\"inLanguage\":\"es\",\"@id\":\"https:\/\/saludisis.com\/index.php\/que-hacemos\/#primaryimage\",\"url\":\"https:\/\/saludisis.com\/wp-content\/uploads\/2024\/03\/QueHacemos.jpg\",\"contentUrl\":\"https:\/\/saludisis.com\/wp-content\/uploads\/2024\/03\/QueHacemos.jpg\",\"width\":1480,\"height\":986},{\"@type\":\"BreadcrumbList\",\"@id\":\"https:\/\/saludisis.com\/index.php\/que-hacemos\/#breadcrumb\",\"itemListElement\":[{\"@type\":\"ListItem\",\"position\":1,\"name\":\"Inicio\",\"item\":\"https:\/\/saludisis.com\/\"},{\"@type\":\"ListItem\",\"position\":2,\"name\":\"\u00bfQu\u00e9 hacemos en Saludisis?\"}]},{\"@type\":\"WebSite\",\"@id\":\"https:\/\/saludisis.com\/#website\",\"url\":\"https:\/\/saludisis.com\/\",\"name\":\"Saludisis\",\"description\":\"Consulting Group\",\"publisher\":{\"@id\":\"https:\/\/saludisis.com\/#organization\"},\"potentialAction\":[{\"@type\":\"SearchAction\",\"target\":{\"@type\":\"EntryPoint\",\"urlTemplate\":\"https:\/\/saludisis.com\/?s={search_term_string}\"},\"query-input\":\"required name=search_term_string\"}],\"inLanguage\":\"es\"},{\"@type\":\"Organization\",\"@id\":\"https:\/\/saludisis.com\/#organization\",\"name\":\"Saludisis\",\"url\":\"https:\/\/saludisis.com\/\",\"logo\":{\"@type\":\"ImageObject\",\"inLanguage\":\"es\",\"@id\":\"https:\/\/saludisis.com\/#\/schema\/logo\/image\/\",\"url\":\"https:\/\/saludisis.com\/wp-content\/uploads\/2023\/04\/SaludisisLogo-1.png\",\"contentUrl\":\"https:\/\/saludisis.com\/wp-content\/uploads\/2023\/04\/SaludisisLogo-1.png\",\"width\":550,\"height\":200,\"caption\":\"Saludisis\"},\"image\":{\"@id\":\"https:\/\/saludisis.com\/#\/schema\/logo\/image\/\"},\"sameAs\":[\"https:\/\/www.facebook.com\/saludisis\",\"https:\/\/x.com\/saludisis\",\"https:\/\/www.instagram.com\/saludisis\/\"]}]}<\/script>\r\n<!-- \/ Yoast SEO plugin. -->","yoast_head_json":{"title":"\u00bfQu\u00e9 hacemos en Saludisis?","description":"En Saludisis, ofrecemos, acompa\u00f1amientos individuales a las personas que transitan por alguna situaci\u00f3n de conflicto.","robots":{"index":"index","follow":"follow","max-snippet":"max-snippet:-1","max-image-preview":"max-image-preview:large","max-video-preview":"max-video-preview:-1"},"canonical":"https:\/\/saludisis.com\/index.php\/que-hacemos\/","og_locale":"es_MX","og_type":"article","og_title":"\u00bfQu\u00e9 hacemos en Saludisis?","og_description":"En Saludisis, ofrecemos, acompa\u00f1amientos individuales a las personas que transitan por alguna situaci\u00f3n de conflicto.","og_url":"https:\/\/saludisis.com\/index.php\/que-hacemos\/","og_site_name":"Saludisis","article_publisher":"https:\/\/www.facebook.com\/saludisis","article_modified_time":"2024-04-07T05:30:49+00:00","og_image":[{"url":"https:\/\/saludisis.com\/wp-content\/uploads\/2024\/03\/QueHacemos-1024x682.jpg"}],"twitter_card":"summary_large_image","twitter_site":"@saludisis","twitter_misc":{"Tiempo de lectura":"2 minutos"},"schema":{"@context":"https:\/\/schema.org","@graph":[{"@type":"WebPage","@id":"https:\/\/saludisis.com\/index.php\/que-hacemos\/","url":"https:\/\/saludisis.com\/index.php\/que-hacemos\/","name":"\u00bfQu\u00e9 hacemos en Saludisis?","isPartOf":{"@id":"https:\/\/saludisis.com\/#website"},"primaryImageOfPage":{"@id":"https:\/\/saludisis.com\/index.php\/que-hacemos\/#primaryimage"},"image":{"@id":"https:\/\/saludisis.com\/index.php\/que-hacemos\/#primaryimage"},"thumbnailUrl":"https:\/\/saludisis.com\/wp-content\/uploads\/2024\/03\/QueHacemos-1024x682.jpg","datePublished":"2023-08-31T23:41:18+00:00","dateModified":"2024-04-07T05:30:49+00:00","description":"En Saludisis, ofrecemos, acompa\u00f1amientos individuales a las personas que transitan por alguna situaci\u00f3n de conflicto.","breadcrumb":{"@id":"https:\/\/saludisis.com\/index.php\/que-hacemos\/#breadcrumb"},"inLanguage":"es","potentialAction":[{"@type":"ReadAction","target":["https:\/\/saludisis.com\/index.php\/que-hacemos\/"]}]},{"@type":"ImageObject","inLanguage":"es","@id":"https:\/\/saludisis.com\/index.php\/que-hacemos\/#primaryimage","url":"https:\/\/saludisis.com\/wp-content\/uploads\/2024\/03\/QueHacemos.jpg","contentUrl":"https:\/\/saludisis.com\/wp-content\/uploads\/2024\/03\/QueHacemos.jpg","width":1480,"height":986},{"@type":"BreadcrumbList","@id":"https:\/\/saludisis.com\/index.php\/que-hacemos\/#breadcrumb","itemListElement":[{"@type":"ListItem","position":1,"name":"Inicio","item":"https:\/\/saludisis.com\/"},{"@type":"ListItem","position":2,"name":"\u00bfQu\u00e9 hacemos en Saludisis?"}]},{"@type":"WebSite","@id":"https:\/\/saludisis.com\/#website","url":"https:\/\/saludisis.com\/","name":"Saludisis","description":"Consulting Group","publisher":{"@id":"https:\/\/saludisis.com\/#organization"},"potentialAction":[{"@type":"SearchAction","target":{"@type":"EntryPoint","urlTemplate":"https:\/\/saludisis.com\/?s={search_term_string}"},"query-input":"required name=search_term_string"}],"inLanguage":"es"},{"@type":"Organization","@id":"https:\/\/saludisis.com\/#organization","name":"Saludisis","url":"https:\/\/saludisis.com\/","logo":{"@type":"ImageObject","inLanguage":"es","@id":"https:\/\/saludisis.com\/#\/schema\/logo\/image\/","url":"https:\/\/saludisis.com\/wp-content\/uploads\/2023\/04\/SaludisisLogo-1.png","contentUrl":"https:\/\/saludisis.com\/wp-content\/uploads\/2023\/04\/SaludisisLogo-1.png","width":550,"height":200,"caption":"Saludisis"},"image":{"@id":"https:\/\/saludisis.com\/#\/schema\/logo\/image\/"},"sameAs":["https:\/\/www.facebook.com\/saludisis","https:\/\/x.com\/saludisis","https:\/\/www.instagram.com\/saludisis\/"]}]}},"jetpack_sharing_enabled":true,"_links":{"self":[{"href":"https:\/\/saludisis.com\/index.php\/wp-json\/wp\/v2\/pages\/132"}],"collection":[{"href":"https:\/\/saludisis.com\/index.php\/wp-json\/wp\/v2\/pages"}],"about":[{"href":"https:\/\/saludisis.com\/index.php\/wp-json\/wp\/v2\/types\/page"}],"author":[{"embeddable":true,"href":"https:\/\/saludisis.com\/index.php\/wp-json\/wp\/v2\/users\/1"}],"replies":[{"embeddable":true,"href":"https:\/\/saludisis.com\/index.php\/wp-json\/wp\/v2\/comments?post=132"}],"version-history":[{"count":13,"href":"https:\/\/saludisis.com\/index.php\/wp-json\/wp\/v2\/pages\/132\/revisions"}],"predecessor-version":[{"id":222,"href":"https:\/\/saludisis.com\/index.php\/wp-json\/wp\/v2\/pages\/132\/revisions\/222"}],"wp:attachment":[{"href":"https:\/\/saludisis.com\/index.php\/wp-json\/wp\/v2\/media?parent=132"}],"curies":[{"name":"wp","href":"https:\/\/api.w.org\/{rel}","templated":true}]}}